{"id":809,"date":"2021-12-20T10:51:17","date_gmt":"2021-12-20T10:51:17","guid":{"rendered":"http:\/\/fastwpdemo.com\/newwp\/bluebell\/?page_id=809"},"modified":"2023-10-29T23:48:52","modified_gmt":"2023-10-29T23:48:52","slug":"nosotros","status":"publish","type":"page","link":"https:\/\/hotelsolvictoria.com.ar\/index.php\/nosotros\/","title":{"rendered":"Nosotros"},"content":{"rendered":"\t\t<div data-elementor-type=\"wp-page\" data-elementor-id=\"809\" class=\"elementor elementor-809\" data-elementor-post-type=\"page\">\n\t\t\t\t\t\t<section class=\"elementor-section elementor-top-section elementor-element elementor-element-789ccdf elementor-section-full_width elementor-section-height-default elementor-section-height-default\" data-id=\"789ccdf\" data-element_type=\"section\" data-e-type=\"section\">\n\t\t\t\t\t\t<div class=\"elementor-container elementor-column-gap-default\">\n\t\t\t\t\t<div class=\"elementor-column elementor-col-100 elementor-top-column elementor-element elementor-element-b9ce891\" data-id=\"b9ce891\" data-element_type=\"column\" data-e-type=\"column\">\n\t\t\t<div class=\"elementor-widget-wrap elementor-element-populated\">\n\t\t\t\t\t\t<div class=\"elementor-element elementor-element-05f5b0a elementor-widget elementor-widget-bluebell_welcome_section_v3\" data-id=\"05f5b0a\" data-element_type=\"widget\" data-e-type=\"widget\" data-widget_type=\"bluebell_welcome_section_v3.default\">\n\t\t\t\t<div class=\"elementor-widget-container\">\n\t\t\t\t\t       \n \t<!-- Welcome Section three -->\n    <section class=\" welcome-section-six light-bg mx-60 border-shape-top\">\n                <div class=\"auto-container\">\n            <div class=\"row\">\n                <div class=\"col-lg-6\">\n                    <div class=\"title-box\">\n                        <div class=\"sub-title\">Bienvenidos!<\/div>                        <h2 class=\"sec-title sec-title small mb-30\">Sol Victoria Hotel  <br> Spa &amp; Casino<\/h2>\n                                                <div class=\"text-two\">Ubicados en la bicentenaria ciudad de Victoria, en la provincia de Entre R\u00edos, te ofrecemos el m\u00e1s alto nivel de servicio, alojamiento y confort. <br>  Nuestra ubicaci\u00f3n nos transforma en el sitio ideal para viajeros turistas y empresariales. Viajes de placer o trabajo, encuentran en el Sol Victoria Hotel Spa &amp; Casino un destino inigualable.   <\/div>                                               \n                                          \n                    <\/div>\n                <\/div>\n                <div class=\"col-lg-6\">\n                \t<div class=\"text-end\">\n                    \t<div class=\"image\"><img decoding=\"async\" src=\"https:\/\/hotelsolvictoria.com.ar\/wp-content\/uploads\/2023\/07\/hotel01.jpg\" alt=\"Awesome Image\"><\/div>\n                    <\/div>\n                <\/div>\n            <\/div>\n        <\/div>\n    <\/section>        \n    \n    \t\t\t\t<\/div>\n\t\t\t\t<\/div>\n\t\t\t\t\t<\/div>\n\t\t<\/div>\n\t\t\t\t\t<\/div>\n\t\t<\/section>\n\t\t\t\t<section class=\"elementor-section elementor-top-section elementor-element elementor-element-50e367e elementor-section-full_width elementor-section-height-default elementor-section-height-default\" data-id=\"50e367e\" data-element_type=\"section\" data-e-type=\"section\">\n\t\t\t\t\t\t<div class=\"elementor-container elementor-column-gap-default\">\n\t\t\t\t\t<div class=\"elementor-column elementor-col-100 elementor-top-column elementor-element elementor-element-288ddea\" data-id=\"288ddea\" data-element_type=\"column\" data-e-type=\"column\">\n\t\t\t<div class=\"elementor-widget-wrap elementor-element-populated\">\n\t\t\t\t\t\t<div class=\"elementor-element elementor-element-8e0bc5e elementor-widget elementor-widget-bluebell_about_us_v5\" data-id=\"8e0bc5e\" data-element_type=\"widget\" data-e-type=\"widget\" data-widget_type=\"bluebell_about_us_v5.default\">\n\t\t\t\t<div class=\"elementor-widget-container\">\n\t\t\t\t\t        \n        \n    <!-- about section two -->\n    <section class=\"about-section-two dark_bg\">\n        <div class=\"container\">\n            \n            <div class=\"row justify-content-between\">\n                <div class=\"col-lg-7\">\n                                        <div class=\"text m-b0\">\n                        <div class=\"sub-title\">Estamos para usted<\/div>                        <h2 class=\"sec-title text-light\">Nuestros Servicios<\/h2>                    <\/div>\n                                        <div class=\"text\">Desayuno buffet, estacionamiento semi\u2013cubierto, servicio de Wi-Fi, acceso directo a Casino Victoria y una atenci\u00f3n personalizada durante toda su estad\u00eda, har\u00e1n que su experiencia sea \u00fanica.<\/div>                    <div class=\"image\"><img decoding=\"async\" src=\"https:\/\/hotelsolvictoria.com.ar\/wp-content\/uploads\/2023\/07\/desayuno01-scaled-2.jpg\" alt=\"Awesome Image\"><\/div>                <\/div>\n                <div class=\"col-lg-5\">\n\n                                        <div class=\"content\">\n                                                                    <\/div>\n                <\/div>\n            <\/div>\n        <\/div>\n    <\/section>\n\n    <div class=\"auto-container\">\n        <div class=\"boder-bottom-three\"><\/div>\n    <\/div>        \n        \n    \t\t\t\t<\/div>\n\t\t\t\t<\/div>\n\t\t\t\t\t<\/div>\n\t\t<\/div>\n\t\t\t\t\t<\/div>\n\t\t<\/section>\n\t\t\t\t<section class=\"elementor-section elementor-top-section elementor-element elementor-element-df6de26 elementor-section-full_width elementor-section-height-default elementor-section-height-default\" data-id=\"df6de26\" data-element_type=\"section\" data-e-type=\"section\">\n\t\t\t\t\t\t<div class=\"elementor-container elementor-column-gap-default\">\n\t\t\t\t\t<div class=\"elementor-column elementor-col-100 elementor-top-column elementor-element elementor-element-f599c44\" data-id=\"f599c44\" data-element_type=\"column\" data-e-type=\"column\">\n\t\t\t<div class=\"elementor-widget-wrap elementor-element-populated\">\n\t\t\t\t\t\t<div class=\"elementor-element elementor-element-fea6ecb elementor-widget elementor-widget-bluebell_welcome_section_v3\" data-id=\"fea6ecb\" data-element_type=\"widget\" data-e-type=\"widget\" data-widget_type=\"bluebell_welcome_section_v3.default\">\n\t\t\t\t<div class=\"elementor-widget-container\">\n\t\t\t\t\t       \n \t<!-- Welcome Section three -->\n    <section class=\" welcome-section-six light-bg mx-60 border-shape-top\">\n                <div class=\"auto-container\">\n            <div class=\"row\">\n                <div class=\"col-lg-6\">\n                    <div class=\"title-box\">\n                        <div class=\"sub-title\">Spa<\/div>                        <h2 class=\"sec-title sec-title small mb-30\">Irup\u00e9 Spa<\/h2>\n                                                <div class=\"text-two\">En Irup\u00e9 Spa, encontrar\u00e1 tratamientos revitalizantes corporales, faciales y masajes. All\u00ed le ofrecemos un circuito h\u00eddrico de saunas y duchas para el relax total. Las piscinas indoors y outdoors, ambas climatizadas, el gimnasio de aparatos, los juegos did\u00e1cticos y las actividades recreativas programadas durante todo el a\u00f1o, har\u00e1n su estad\u00eda \u00fanica y placentera.  <\/div>                                               \n                                          \n                    <\/div>\n                <\/div>\n                <div class=\"col-lg-6\">\n                \t<div class=\"text-end\">\n                    \t<div class=\"image\"><img decoding=\"async\" src=\"https:\/\/hotelsolvictoria.com.ar\/wp-content\/uploads\/2023\/07\/spa02.jpg\" alt=\"Awesome Image\"><\/div>\n                    <\/div>\n                <\/div>\n            <\/div>\n        <\/div>\n    <\/section>        \n    \n    \t\t\t\t<\/div>\n\t\t\t\t<\/div>\n\t\t\t\t\t<\/div>\n\t\t<\/div>\n\t\t\t\t\t<\/div>\n\t\t<\/section>\n\t\t\t\t<section class=\"elementor-section elementor-top-section elementor-element elementor-element-437b244 elementor-section-full_width elementor-section-height-default elementor-section-height-default\" data-id=\"437b244\" data-element_type=\"section\" data-e-type=\"section\">\n\t\t\t\t\t\t<div class=\"elementor-container elementor-column-gap-default\">\n\t\t\t\t\t<div class=\"elementor-column elementor-col-100 elementor-top-column elementor-element elementor-element-7a9b732\" data-id=\"7a9b732\" data-element_type=\"column\" data-e-type=\"column\">\n\t\t\t<div class=\"elementor-widget-wrap elementor-element-populated\">\n\t\t\t\t\t\t<div class=\"elementor-element elementor-element-1750e24 elementor-widget elementor-widget-bluebell_about_us_v5\" data-id=\"1750e24\" data-element_type=\"widget\" data-e-type=\"widget\" data-widget_type=\"bluebell_about_us_v5.default\">\n\t\t\t\t<div class=\"elementor-widget-container\">\n\t\t\t\t\t        \n        \n    <!-- about section two -->\n    <section class=\"about-section-two dark_bg\">\n        <div class=\"container\">\n            \n            <div class=\"row justify-content-between\">\n                <div class=\"col-lg-7\">\n                                        <div class=\"text m-b0\">\n                        <div class=\"sub-title\">convenciones<\/div>                        <h2 class=\"sec-title text-light\">Centro de Convenciones <br> &amp; Eventos<\/h2>                    <\/div>\n                                        <div class=\"text\">El centro de Convenciones &amp; Eventos es elegido por importantes empresas para reuniones corporativas, lanzamientos de productos, campa\u00f1as y capacitaciones. <br> El tecnicismo presente en sus salones, adaptables de acuerdo a la cantidad de asistentes, y la capacidad operativa del personal en la organizaci\u00f3n del evento, hacen de este Centro de Convenciones un destino diferente. <br> La ubicaci\u00f3n zonal define la posibilidad de concretarse como un punto de encuentro desde las ciudades m\u00e1s importantes.<\/div>                    <div class=\"image\"><img decoding=\"async\" src=\"https:\/\/hotelsolvictoria.com.ar\/wp-content\/uploads\/2023\/07\/Concenciones01-scaled-2.jpg\" alt=\"Awesome Image\"><\/div>                <\/div>\n                <div class=\"col-lg-5\">\n\n                                        <div class=\"content\">\n                                                                    <\/div>\n                <\/div>\n            <\/div>\n        <\/div>\n    <\/section>\n\n    <div class=\"auto-container\">\n        <div class=\"boder-bottom-three\"><\/div>\n    <\/div>        \n        \n    \t\t\t\t<\/div>\n\t\t\t\t<\/div>\n\t\t\t\t\t<\/div>\n\t\t<\/div>\n\t\t\t\t\t<\/div>\n\t\t<\/section>\n\t\t\t\t<\/div>\n\t\t","protected":false},"excerpt":{"rendered":"<p>Bienvenidos! Sol Victoria Hotel Spa &amp; Casino Ubicados en la bicentenaria ciudad de Victoria, en la provincia de Entre R\u00edos, te ofrecemos el m\u00e1s alto nivel de servicio, alojamiento y confort. Nuestra ubicaci\u00f3n nos transforma en el sitio ideal para viajeros turistas y empresariales. Viajes de placer o trabajo, encuentran en el Sol Victoria Hotel [&hellip;]<\/p>\n","protected":false},"author":1,"featured_media":0,"parent":0,"menu_order":0,"comment_status":"closed","ping_status":"closed","template":"tpl-default-elementor.php","meta":{"footnotes":""},"class_list":["post-809","page","type-page","status-publish","hentry"],"_links":{"self":[{"href":"https:\/\/hotelsolvictoria.com.ar\/index.php\/wp-json\/wp\/v2\/pages\/809","targetHints":{"allow":["GET"]}}],"collection":[{"href":"https:\/\/hotelsolvictoria.com.ar\/index.php\/wp-json\/wp\/v2\/pages"}],"about":[{"href":"https:\/\/hotelsolvictoria.com.ar\/index.php\/wp-json\/wp\/v2\/types\/page"}],"author":[{"embeddable":true,"href":"https:\/\/hotelsolvictoria.com.ar\/index.php\/wp-json\/wp\/v2\/users\/1"}],"replies":[{"embeddable":true,"href":"https:\/\/hotelsolvictoria.com.ar\/index.php\/wp-json\/wp\/v2\/comments?post=809"}],"version-history":[{"count":80,"href":"https:\/\/hotelsolvictoria.com.ar\/index.php\/wp-json\/wp\/v2\/pages\/809\/revisions"}],"predecessor-version":[{"id":3858,"href":"https:\/\/hotelsolvictoria.com.ar\/index.php\/wp-json\/wp\/v2\/pages\/809\/revisions\/3858"}],"wp:attachment":[{"href":"https:\/\/hotelsolvictoria.com.ar\/index.php\/wp-json\/wp\/v2\/media?parent=809"}],"curies":[{"name":"wp","href":"https:\/\/api.w.org\/{rel}","templated":true}]}}